{"id":1752,"date":"2021-03-14T00:20:30","date_gmt":"2021-03-13T23:20:30","guid":{"rendered":"https:\/\/masdesella.com\/?page_id=1752"},"modified":"2021-04-03T12:39:20","modified_gmt":"2021-04-03T10:39:20","slug":"contact","status":"publish","type":"page","link":"https:\/\/masdesella.com\/en\/contact\/","title":{"rendered":"Contact"},"content":{"rendered":"<p>[et_pb_section fb_built=&#8221;1&#8243; fullwidth=&#8221;on&#8221; admin_label=&#8221;Titulo y frase&#8221; _builder_version=&#8221;4.9.0&#8243; _module_preset=&#8221;default&#8221; background_color=&#8221;#000000&#8243; custom_margin=&#8221;-10px||||false|false&#8221; locked=&#8221;off&#8221; collapsed=&#8221;on&#8221;][et_pb_fullwidth_header title=&#8221;CONTACT&#8221; subhead=&#8221;form&#8221; text_orientation=&#8221;center&#8221; title_last_edited=&#8221;off|desktop&#8221; _builder_version=&#8221;4.9.1&#8243; _module_preset=&#8221;default&#8221; title_font=&#8221;GOTHIC|700|||||||&#8221; title_text_align=&#8221;center&#8221; title_text_color=&#8221;#b1976d&#8221; title_font_size=&#8221;20px&#8221; subhead_font=&#8221;PlayfairDisplay-Regular||||||||&#8221; subhead_text_align=&#8221;center&#8221; subhead_text_color=&#8221;#FFFFFF&#8221; subhead_font_size=&#8221;42px&#8221; subhead_line_height=&#8221;1.2em&#8221; background_enable_color=&#8221;off&#8221; height=&#8221;300px&#8221; max_height=&#8221;300px&#8221; custom_margin=&#8221;||||false|false&#8221;][\/et_pb_fullwidth_header][\/et_pb_section][et_pb_section fb_built=&#8221;1&#8243; admin_label=&#8221;Introducci\u00f3&#8221; _builder_version=&#8221;4.9.0&#8243; _module_preset=&#8221;default&#8221; locked=&#8221;off&#8221; collapsed=&#8221;on&#8221;][et_pb_row admin_label=&#8221;Introducci\u00f3n&#8221; _builder_version=&#8221;4.9.0&#8243; _module_preset=&#8221;default&#8221; width=&#8221;55%&#8221; width_tablet=&#8221;55%&#8221; width_phone=&#8221;75%&#8221; width_last_edited=&#8221;on|phone&#8221; module_alignment=&#8221;center&#8221; collapsed=&#8221;on&#8221;][et_pb_column type=&#8221;4_4&#8243; _builder_version=&#8221;4.9.0&#8243; _module_preset=&#8221;default&#8221;][et_pb_text admin_label=&#8221;Introducci\u00f3n&#8221; _builder_version=&#8221;4.9.1&#8243; _module_preset=&#8221;default&#8221; text_font=&#8221;||||||||&#8221; text_text_color=&#8221;#000000&#8243; background_color=&#8221;#FFFFFF&#8221; text_orientation=&#8221;center&#8221; width=&#8221;60%&#8221; width_tablet=&#8221;60%&#8221; width_phone=&#8221;95%&#8221; width_last_edited=&#8221;on|desktop&#8221; module_alignment=&#8221;center&#8221; custom_margin=&#8221;-150px||||false|false&#8221; custom_padding=&#8221;40px|50px||50px|false|false&#8221; custom_padding_tablet=&#8221;&#8221; custom_padding_phone=&#8221;40px|20px||20px|false|false&#8221; custom_padding_last_edited=&#8221;on|phone&#8221;]<\/p>\n<p>You can contact us through different communication channels: email, whatsapp, facebook, phone us or simply fill in the form on this page.<br \/>We will be happy to answer any questions you may have <strong>about our wines<\/strong>, <strong>vineyard<\/strong> and <strong>wine tourism experiences<\/strong>.<\/p>\n<p>[\/et_pb_text][\/et_pb_column][\/et_pb_row][\/et_pb_section][et_pb_section fb_built=&#8221;1&#8243; admin_label=&#8221;Direcciones y Formulario&#8221; _builder_version=&#8221;4.9.0&#8243; _module_preset=&#8221;default&#8221; background_color=&#8221;#eeeeee&#8221; collapsed=&#8221;on&#8221;][et_pb_row column_structure=&#8221;1_3,2_3&#8243; _builder_version=&#8221;4.9.0&#8243; _module_preset=&#8221;default&#8221; collapsed=&#8221;on&#8221;][et_pb_column type=&#8221;1_3&#8243; _builder_version=&#8221;4.9.0&#8243; _module_preset=&#8221;default&#8221;][et_pb_text admin_label=&#8221;Bodega&#8221; _builder_version=&#8221;4.9.2&#8243; _module_preset=&#8221;default&#8221;]<strong><span class=\"colorB\">WINERY<\/span><\/strong><br \/>\nCalle Sella, N\u00ba 42<br \/>\n03570 Villajoyosa, Alicante, Spain<\/p>\n<hr class=\"colorB\" \/>[\/et_pb_text][et_pb_text admin_label=&#8221;Administracion&#8221; _builder_version=&#8221;4.9.2&#8243; _module_preset=&#8221;default&#8221;]<strong><span class=\"colorB\">OFFICE<\/span><\/strong><br \/>\nAvd. Ensenyants de la Vila, Loc 1, Bajo<br \/>\n03570 Villajoyosa, Alicante, Spain<\/p>\n<hr class=\"colorB\" \/>[\/et_pb_text][et_pb_text admin_label=&#8221;Tel\u00e9fono&#8221; _builder_version=&#8221;4.9.2&#8243; _module_preset=&#8221;default&#8221;]<strong><span class=\"colorB\">CONTACT PHONE<\/span><\/strong><br \/>\n(+34) 699 308 250<\/p>\n<hr class=\"colorB\" \/>[\/et_pb_text][et_pb_text admin_label=&#8221;correo electronico&#8221; _builder_version=&#8221;4.9.2&#8243; _module_preset=&#8221;default&#8221;]<strong><span class=\"colorB\">E-MAIL<\/span><\/strong><br \/>\ncontacto@masdesella.com<\/p>\n<hr class=\"colorB\" \/>\n[\/et_pb_text][\/et_pb_column][et_pb_column type=&#8221;2_3&#8243; _builder_version=&#8221;4.9.0&#8243; _module_preset=&#8221;default&#8221;][et_pb_contact_form use_spam_service=&#8221;on&#8221; recaptcha_list=&#8221;MasDeSellav3|MasDeSellav3-0&#8243; email=&#8221;contacto@masdesella.com&#8221; use_redirect=&#8221;on&#8221; redirect_url=&#8221;https:\/\/masdesella.com\/gracias-por-contactar-con-mas-de-sella\/&#8221; success_message=&#8221;Your message has been sent successfully. We will contact you shortly.&#8221; submit_button_text=&#8221;SEND&#8221; admin_label=&#8221;Formulario de contacto&#8221; _builder_version=&#8221;4.9.2&#8243; _module_preset=&#8221;default&#8221; custom_button=&#8221;on&#8221; button_text_color=&#8221;#FFFFFF&#8221; button_bg_color=&#8221;#b1976d&#8221; button_border_width=&#8221;0px&#8221; button_border_color=&#8221;RGBA(0,0,0,0)&#8221; button_border_radius=&#8221;0px&#8221; button_font=&#8221;|700|||||||&#8221; button_use_icon=&#8221;off&#8221; button_custom_margin=&#8221;|40px|||false|false&#8221; button_text_color__hover_enabled=&#8221;on|hover&#8221; button_text_color__hover=&#8221;#FFFFFF&#8221; button_bg_color__hover_enabled=&#8221;on|hover&#8221; button_bg_color__hover=&#8221;#000000&#8243; button_bg_enable_color__hover=&#8221;on&#8221;][et_pb_contact_field field_id=&#8221;nombre&#8221; field_title=&#8221;Name&#8221; min_length=&#8221;3&#8243; max_length=&#8221;80&#8243; fullwidth_field=&#8221;on&#8221; _builder_version=&#8221;4.9.2&#8243; border_width_all=&#8221;1px&#8221; border_color_all=&#8221;#b1976d&#8221; button_text_size__hover_enabled=&#8221;off&#8221; button_one_text_size__hover_enabled=&#8221;off&#8221; button_two_text_size__hover_enabled=&#8221;off&#8221; button_text_color__hover_enabled=&#8221;off&#8221; button_one_text_color__hover_enabled=&#8221;off&#8221; button_two_text_color__hover_enabled=&#8221;off&#8221; button_border_width__hover_enabled=&#8221;off&#8221; button_one_border_width__hover_enabled=&#8221;off&#8221; button_two_border_width__hover_enabled=&#8221;off&#8221; button_border_color__hover_enabled=&#8221;off&#8221; button_one_border_color__hover_enabled=&#8221;off&#8221; button_two_border_color__hover_enabled=&#8221;off&#8221; button_border_radius__hover_enabled=&#8221;off&#8221; button_one_border_radius__hover_enabled=&#8221;off&#8221; button_two_border_radius__hover_enabled=&#8221;off&#8221; button_letter_spacing__hover_enabled=&#8221;off&#8221; button_one_letter_spacing__hover_enabled=&#8221;off&#8221; button_two_letter_spacing__hover_enabled=&#8221;off&#8221; button_bg_color__hover_enabled=&#8221;off&#8221; button_one_bg_color__hover_enabled=&#8221;off&#8221; button_two_bg_color__hover_enabled=&#8221;off&#8221;][\/et_pb_contact_field][et_pb_contact_field field_id=&#8221;telefono&#8221; field_title=&#8221;Phone&#8221; fullwidth_field=&#8221;on&#8221; _builder_version=&#8221;4.9.2&#8243; _module_preset=&#8221;default&#8221; border_width_all=&#8221;1px&#8221; border_color_all=&#8221;#b1976d&#8221;][\/et_pb_contact_field][et_pb_contact_field field_id=&#8221;email&#8221; field_title=&#8221;E-mail&#8221; field_type=&#8221;email&#8221; fullwidth_field=&#8221;on&#8221; _builder_version=&#8221;4.9.2&#8243; border_width_all=&#8221;1px&#8221; border_color_all=&#8221;#b1976d&#8221; button_text_size__hover_enabled=&#8221;off&#8221; button_one_text_size__hover_enabled=&#8221;off&#8221; button_two_text_size__hover_enabled=&#8221;off&#8221; button_text_color__hover_enabled=&#8221;off&#8221; button_one_text_color__hover_enabled=&#8221;off&#8221; button_two_text_color__hover_enabled=&#8221;off&#8221; button_border_width__hover_enabled=&#8221;off&#8221; button_one_border_width__hover_enabled=&#8221;off&#8221; button_two_border_width__hover_enabled=&#8221;off&#8221; button_border_color__hover_enabled=&#8221;off&#8221; button_one_border_color__hover_enabled=&#8221;off&#8221; button_two_border_color__hover_enabled=&#8221;off&#8221; button_border_radius__hover_enabled=&#8221;off&#8221; button_one_border_radius__hover_enabled=&#8221;off&#8221; button_two_border_radius__hover_enabled=&#8221;off&#8221; button_letter_spacing__hover_enabled=&#8221;off&#8221; button_one_letter_spacing__hover_enabled=&#8221;off&#8221; button_two_letter_spacing__hover_enabled=&#8221;off&#8221; button_bg_color__hover_enabled=&#8221;off&#8221; button_one_bg_color__hover_enabled=&#8221;off&#8221; button_two_bg_color__hover_enabled=&#8221;off&#8221;][\/et_pb_contact_field][et_pb_contact_field field_id=&#8221;mensaje&#8221; field_title=&#8221;Message&#8221; field_type=&#8221;text&#8221; fullwidth_field=&#8221;on&#8221; _builder_version=&#8221;4.9.2&#8243; height=&#8221;115px&#8221; max_height=&#8221;115px&#8221; border_width_all=&#8221;1px&#8221; border_color_all=&#8221;#b1976d&#8221; button_text_size__hover_enabled=&#8221;off&#8221; button_one_text_size__hover_enabled=&#8221;off&#8221; button_two_text_size__hover_enabled=&#8221;off&#8221; button_text_color__hover_enabled=&#8221;off&#8221; button_one_text_color__hover_enabled=&#8221;off&#8221; button_two_text_color__hover_enabled=&#8221;off&#8221; button_border_width__hover_enabled=&#8221;off&#8221; button_one_border_width__hover_enabled=&#8221;off&#8221; button_two_border_width__hover_enabled=&#8221;off&#8221; button_border_color__hover_enabled=&#8221;off&#8221; button_one_border_color__hover_enabled=&#8221;off&#8221; button_two_border_color__hover_enabled=&#8221;off&#8221; button_border_radius__hover_enabled=&#8221;off&#8221; button_one_border_radius__hover_enabled=&#8221;off&#8221; button_two_border_radius__hover_enabled=&#8221;off&#8221; button_letter_spacing__hover_enabled=&#8221;off&#8221; button_one_letter_spacing__hover_enabled=&#8221;off&#8221; button_two_letter_spacing__hover_enabled=&#8221;off&#8221; button_bg_color__hover_enabled=&#8221;off&#8221; button_one_bg_color__hover_enabled=&#8221;off&#8221; button_two_bg_color__hover_enabled=&#8221;off&#8221;][\/et_pb_contact_field][et_pb_contact_field field_id=&#8221;terminosycondiciones&#8221; field_title=&#8221; &#8221; field_type=&#8221;checkbox&#8221; checkbox_options=&#8221;%91{%22value%22:%22By submitting my data I agree to the Privacy Policy of the website.%22,%22checked%22:0,%22dragID%22:-1}%93&#8243; _builder_version=&#8221;4.9.2&#8243; _module_preset=&#8221;default&#8221; background_enable_color=&#8221;off&#8221; custom_margin=&#8221;-20px||||false|false&#8221; border_width_all=&#8221;1px&#8221; border_color_all=&#8221;#b1976d&#8221;][\/et_pb_contact_field][\/et_pb_contact_form][\/et_pb_column][\/et_pb_row][\/et_pb_section]<\/p>\n","protected":false},"excerpt":{"rendered":"<p>You can contact us through different communication channels: email, whatsapp, facebook, phone us or simply fill in the form on this page.We will be happy to answer any questions you may have about our wines, vineyard and wine tourism experiences.WINERY Calle Sella, N\u00ba 42 03570 Villajoyosa, Alicante, Spain OFFICE Avd. Ensenyants de la Vila, Loc [&hellip;]<\/p>\n","protected":false},"author":2,"featured_media":0,"parent":0,"menu_order":0,"comment_status":"closed","ping_status":"closed","template":"","meta":{"_et_pb_use_builder":"on","_et_pb_old_content":"<p>[et_pb_section fb_built=\"1\" fullwidth=\"on\" admin_label=\"Titulo y frase\" _builder_version=\"4.9.0\" _module_preset=\"default\" background_color=\"#000000\" custom_margin=\"-10px||||false|false\" locked=\"off\" collapsed=\"on\"][et_pb_fullwidth_header title=\"FORMULARIO DE\" subhead=\"contacto\" text_orientation=\"center\" title_last_edited=\"off|desktop\" _builder_version=\"4.9.0\" _module_preset=\"default\" title_font=\"GOTHIC|700|||||||\" title_text_align=\"center\" title_text_color=\"#b1976d\" title_font_size=\"20px\" subhead_font=\"PlayfairDisplay-Regular||||||||\" subhead_text_align=\"center\" subhead_text_color=\"#FFFFFF\" subhead_font_size=\"42px\" subhead_line_height=\"1.2em\" background_enable_color=\"off\" height=\"300px\" max_height=\"300px\" custom_margin=\"||||false|false\"][\/et_pb_fullwidth_header][\/et_pb_section][et_pb_section fb_built=\"1\" admin_label=\"Introducci\u00f3\" _builder_version=\"4.9.0\" _module_preset=\"default\" locked=\"off\" collapsed=\"on\"][et_pb_row admin_label=\"Introducci\u00f3n\" _builder_version=\"4.9.0\" _module_preset=\"default\" width=\"55%\" width_tablet=\"55%\" width_phone=\"75%\" width_last_edited=\"on|phone\" module_alignment=\"center\" collapsed=\"on\"][et_pb_column type=\"4_4\" _builder_version=\"4.9.0\" _module_preset=\"default\"][et_pb_text admin_label=\"Introducci\u00f3n\" _builder_version=\"4.9.0\" _module_preset=\"default\" text_font=\"||||||||\" text_text_color=\"#000000\" background_color=\"#FFFFFF\" text_orientation=\"center\" width=\"60%\" width_tablet=\"60%\" width_phone=\"95%\" width_last_edited=\"on|desktop\" module_alignment=\"center\" custom_margin=\"-150px||||false|false\" custom_padding=\"40px|50px||50px|false|false\" custom_padding_tablet=\"\" custom_padding_phone=\"40px|20px||20px|false|false\" custom_padding_last_edited=\"on|phone\"]Puedes contactar con nosotros a trav\u00e9s de diferentes canales de comunicaci\u00f3n: correo electr\u00f3nico, whatsapp, en facebook, llam\u00e1ndonos por tel\u00e9fono o simplemente rellenando el formulario de esta p\u00e1gina.<br \/>Estaremos encantados de resolver cualquier duda sobre <strong>nuestros vinos<\/strong>, <strong>el vi\u00f1edo<\/strong> y <strong>las experiencias de enoturismo<\/strong>.[\/et_pb_text][\/et_pb_column][\/et_pb_row][\/et_pb_section][et_pb_section fb_built=\"1\" admin_label=\"Direcciones y Formulario\" _builder_version=\"4.9.0\" _module_preset=\"default\" background_color=\"#eeeeee\" collapsed=\"on\"][et_pb_row column_structure=\"1_3,2_3\" _builder_version=\"4.9.0\" _module_preset=\"default\" collapsed=\"on\"][et_pb_column type=\"1_3\" _builder_version=\"4.9.0\" _module_preset=\"default\"][et_pb_text admin_label=\"Bodega\" _builder_version=\"4.9.0\" _module_preset=\"default\"]<\/p><p><strong><span class=\"colorB\">BODEGA<\/span><\/strong><br \/>Calle Sella, N\u00ba 42<br \/>03570 Villajoyosa, Alicante, Espa\u00f1a<\/p><hr class=\"colorB\" \/><p>[\/et_pb_text][et_pb_text admin_label=\"Administracion\" _builder_version=\"4.9.0\" _module_preset=\"default\"]<\/p><p><strong><span class=\"colorB\">ADMINISTRACI\u00d3N<\/span><\/strong><br \/>Avd. Ensenyants de la Vila, Loc 1, Bajo<br \/>03570 Villajoyosa, Alicante, Espa\u00f1a<\/p><hr class=\"colorB\" \/><p>[\/et_pb_text][et_pb_text admin_label=\"Tel\u00e9fono\" _builder_version=\"4.9.0\" _module_preset=\"default\"]<\/p><p><strong><span class=\"colorB\">TEL\u00c9FONO DE CONTACTO<\/span><\/strong><br \/>(+34) 699 308 250<\/p><hr class=\"colorB\" \/><p>[\/et_pb_text][et_pb_text admin_label=\"correo electronico\" _builder_version=\"4.9.0\" _module_preset=\"default\"]<\/p><p><strong><span class=\"colorB\">E-MAIL<\/span><\/strong><br \/>contacto@masdesella.com<\/p><hr class=\"colorB\" \/><p>[\/et_pb_text][\/et_pb_column][et_pb_column type=\"2_3\" _builder_version=\"4.9.0\" _module_preset=\"default\"][et_pb_contact_form use_spam_service=\"on\" recaptcha_list=\"MasDeSellav3|MasDeSellav3-0\" email=\"contacto@masdesella.com\" use_redirect=\"on\" redirect_url=\"https:\/\/masdesella.com\/gracias-por-contactar-con-mas-de-sella\/\" success_message=\"Tu mensaje ha sido enviado con \u00e9xito. En breve nos pondremos en contacto contigo.\" submit_button_text=\"ENVIAR\" admin_label=\"Formulario de contacto\" _builder_version=\"4.9.1\" _module_preset=\"default\" custom_button=\"on\" button_text_color=\"#FFFFFF\" button_bg_color=\"#b1976d\" button_border_width=\"0px\" button_border_color=\"#b1976d\" button_border_radius=\"0px\" button_font=\"|700|||||||\" button_use_icon=\"off\" button_custom_margin=\"|40px|||false|false\" hover_enabled=\"0\" button_text_color__hover_enabled=\"on|hover\" button_text_color__hover=\"#b1976d\" button_bg_color__hover_enabled=\"on|hover\" button_bg_color__hover=\"#FFFFFF\" button_bg_enable_color__hover=\"on\" sticky_enabled=\"0\"][et_pb_contact_field field_id=\"nombre\" field_title=\"Nombre\" min_length=\"3\" max_length=\"80\" fullwidth_field=\"on\" _builder_version=\"4.9.0\" width=\"700px\" max_width=\"700px\" border_width_all=\"1px\" border_color_all=\"#b1976d\" button_text_size__hover_enabled=\"off\" button_one_text_size__hover_enabled=\"off\" button_two_text_size__hover_enabled=\"off\" button_text_color__hover_enabled=\"off\" button_one_text_color__hover_enabled=\"off\" button_two_text_color__hover_enabled=\"off\" button_border_width__hover_enabled=\"off\" button_one_border_width__hover_enabled=\"off\" button_two_border_width__hover_enabled=\"off\" button_border_color__hover_enabled=\"off\" button_one_border_color__hover_enabled=\"off\" button_two_border_color__hover_enabled=\"off\" button_border_radius__hover_enabled=\"off\" button_one_border_radius__hover_enabled=\"off\" button_two_border_radius__hover_enabled=\"off\" button_letter_spacing__hover_enabled=\"off\" button_one_letter_spacing__hover_enabled=\"off\" button_two_letter_spacing__hover_enabled=\"off\" button_bg_color__hover_enabled=\"off\" button_one_bg_color__hover_enabled=\"off\" button_two_bg_color__hover_enabled=\"off\"][\/et_pb_contact_field][et_pb_contact_field field_id=\"telefono\" field_title=\"Tel\u00e9fono\" fullwidth_field=\"on\" _builder_version=\"4.9.0\" _module_preset=\"default\" width=\"700px\" max_width=\"700px\" border_width_all=\"1px\" border_color_all=\"#b1976d\"][\/et_pb_contact_field][et_pb_contact_field field_id=\"email\" field_title=\"E-mail\" field_type=\"email\" fullwidth_field=\"on\" _builder_version=\"4.9.0\" width=\"700px\" max_width=\"700px\" border_width_all=\"1px\" border_color_all=\"#b1976d\" button_text_size__hover_enabled=\"off\" button_one_text_size__hover_enabled=\"off\" button_two_text_size__hover_enabled=\"off\" button_text_color__hover_enabled=\"off\" button_one_text_color__hover_enabled=\"off\" button_two_text_color__hover_enabled=\"off\" button_border_width__hover_enabled=\"off\" button_one_border_width__hover_enabled=\"off\" button_two_border_width__hover_enabled=\"off\" button_border_color__hover_enabled=\"off\" button_one_border_color__hover_enabled=\"off\" button_two_border_color__hover_enabled=\"off\" button_border_radius__hover_enabled=\"off\" button_one_border_radius__hover_enabled=\"off\" button_two_border_radius__hover_enabled=\"off\" button_letter_spacing__hover_enabled=\"off\" button_one_letter_spacing__hover_enabled=\"off\" button_two_letter_spacing__hover_enabled=\"off\" button_bg_color__hover_enabled=\"off\" button_one_bg_color__hover_enabled=\"off\" button_two_bg_color__hover_enabled=\"off\"][\/et_pb_contact_field][et_pb_contact_field field_id=\"mensaje\" field_title=\"Mensaje\" field_type=\"text\" fullwidth_field=\"on\" _builder_version=\"4.9.0\" width=\"700px\" max_width=\"700px\" height=\"115px\" max_height=\"115px\" border_width_all=\"1px\" border_color_all=\"#b1976d\" button_text_size__hover_enabled=\"off\" button_one_text_size__hover_enabled=\"off\" button_two_text_size__hover_enabled=\"off\" button_text_color__hover_enabled=\"off\" button_one_text_color__hover_enabled=\"off\" button_two_text_color__hover_enabled=\"off\" button_border_width__hover_enabled=\"off\" button_one_border_width__hover_enabled=\"off\" button_two_border_width__hover_enabled=\"off\" button_border_color__hover_enabled=\"off\" button_one_border_color__hover_enabled=\"off\" button_two_border_color__hover_enabled=\"off\" button_border_radius__hover_enabled=\"off\" button_one_border_radius__hover_enabled=\"off\" button_two_border_radius__hover_enabled=\"off\" button_letter_spacing__hover_enabled=\"off\" button_one_letter_spacing__hover_enabled=\"off\" button_two_letter_spacing__hover_enabled=\"off\" button_bg_color__hover_enabled=\"off\" button_one_bg_color__hover_enabled=\"off\" button_two_bg_color__hover_enabled=\"off\"][\/et_pb_contact_field][et_pb_contact_field field_id=\"terminosycondiciones\" field_title=\" \" field_type=\"checkbox\" checkbox_options=\"%91{%22value%22:%22Al enviar mis datos estoy aceptando la Pol\u00edtica de Privacidad del sitio web.%22,%22checked%22:0,%22dragID%22:-1}%93\" _builder_version=\"4.9.0\" _module_preset=\"default\" background_enable_color=\"off\" custom_margin=\"-20px||||false|false\" border_width_all=\"1px\" border_color_all=\"#b1976d\"][\/et_pb_contact_field][\/et_pb_contact_form][\/et_pb_column][\/et_pb_row][\/et_pb_section][et_pb_section fb_built=\"1\" disabled_on=\"off|on|on\" admin_label=\"Boton Flotante TIENDA\" _builder_version=\"4.9.0\" _module_preset=\"default\" custom_padding=\"0px|||||\" global_module=\"851\" saved_tabs=\"all\" collapsed=\"on\"][et_pb_row _builder_version=\"4.9.0\" _module_preset=\"default\" custom_padding=\"0px||0px|||\" collapsed=\"on\"][et_pb_column type=\"4_4\" _builder_version=\"4.9.0\" _module_preset=\"default\"][et_pb_button button_url=\"\/tienda\/\" button_text=\"TIENDA\" button_alignment=\"left\" _builder_version=\"4.9.0\" _module_preset=\"default\" custom_button=\"on\" button_text_size=\"20px\" button_text_color=\"#FFFFFF\" button_bg_color=\"#b1976d\" button_border_width=\"1px\" button_border_color=\"#b1976d\" button_border_radius=\"0px\" button_font=\"|700|||||||\" button_icon=\"%%114%%\" button_icon_color=\"#FFFFFF\" button_on_hover=\"off\" transform_rotate=\"0deg|0deg|270deg\" positioning=\"fixed\" position_origin_f=\"center_left\" vertical_offset=\"70px\" horizontal_offset=\"-40px\" z_index=\"500\" background_layout=\"dark\" custom_margin=\"||||false|false\" custom_padding=\"||||false|false\" locked=\"off\" button_bg_color__hover_enabled=\"on|desktop\" button_bg_color__hover=\"#FFFFFF\" button_bg_enable_color__hover=\"on\" button_text_color__hover_enabled=\"on|hover\" button_text_color__hover=\"#b1976d\" button_border_width__hover_enabled=\"off|hover\" button_border_width__hover=\"1px\" button_border_color__hover_enabled=\"off|hover\" button_border_color__hover=\"#b1976d\" button_icon_color__hover_enabled=\"on|hover\" button_icon_color__hover=\"#b1976d\"][\/et_pb_button][\/et_pb_column][\/et_pb_row][\/et_pb_section]<\/p>","_et_gb_content_width":"","footnotes":""},"class_list":["post-1752","page","type-page","status-publish","hentry"],"_links":{"self":[{"href":"https:\/\/masdesella.com\/en\/wp-json\/wp\/v2\/pages\/1752","targetHints":{"allow":["GET"]}}],"collection":[{"href":"https:\/\/masdesella.com\/en\/wp-json\/wp\/v2\/pages"}],"about":[{"href":"https:\/\/masdesella.com\/en\/wp-json\/wp\/v2\/types\/page"}],"author":[{"embeddable":true,"href":"https:\/\/masdesella.com\/en\/wp-json\/wp\/v2\/users\/2"}],"replies":[{"embeddable":true,"href":"https:\/\/masdesella.com\/en\/wp-json\/wp\/v2\/comments?post=1752"}],"version-history":[{"count":0,"href":"https:\/\/masdesella.com\/en\/wp-json\/wp\/v2\/pages\/1752\/revisions"}],"wp:attachment":[{"href":"https:\/\/masdesella.com\/en\/wp-json\/wp\/v2\/media?parent=1752"}],"curies":[{"name":"wp","href":"https:\/\/api.w.org\/{rel}","templated":true}]}}